{"id":20,"date":"2018-03-27T11:45:05","date_gmt":"2018-03-27T09:45:05","guid":{"rendered":"http:\/\/llucki.de\/wpl\/?page_id=20"},"modified":"2018-03-29T16:04:28","modified_gmt":"2018-03-29T14:04:28","slug":"ueber-mich","status":"publish","type":"page","link":"http:\/\/llucki.de\/wpl\/ueber-mich\/","title":{"rendered":"\u00dcber mich"},"content":{"rendered":"<p>Ich bin jemand, der sich gerade \u00fcberlegt, ob er eine eigene Website braucht.<\/p>\n<p>Domains sind da und ein Host ebenfalls. Seit Jahren. Aber pr\u00e4sentieren? Wof\u00fcr?<\/p>\n","protected":false},"excerpt":{"rendered":"<p>Ich bin jemand, der sich gerade \u00fcberlegt, ob er eine eigene Website braucht. Domains sind da und ein Host ebenfalls. Seit Jahren. Aber pr\u00e4sentieren? Wof\u00fcr?<\/p>\n","protected":false},"author":1,"featured_media":0,"parent":0,"menu_order":0,"comment_status":"closed","ping_status":"closed","template":"","meta":{"footnotes":""},"class_list":["post-20","page","type-page","status-publish","hentry"],"_links":{"self":[{"href":"http:\/\/llucki.de\/wpl\/wp-json\/wp\/v2\/pages\/20","targetHints":{"allow":["GET"]}}],"collection":[{"href":"http:\/\/llucki.de\/wpl\/wp-json\/wp\/v2\/pages"}],"about":[{"href":"http:\/\/llucki.de\/wpl\/wp-json\/wp\/v2\/types\/page"}],"author":[{"embeddable":true,"href":"http:\/\/llucki.de\/wpl\/wp-json\/wp\/v2\/users\/1"}],"replies":[{"embeddable":true,"href":"http:\/\/llucki.de\/wpl\/wp-json\/wp\/v2\/comments?post=20"}],"version-history":[{"count":3,"href":"http:\/\/llucki.de\/wpl\/wp-json\/wp\/v2\/pages\/20\/revisions"}],"predecessor-version":[{"id":58,"href":"http:\/\/llucki.de\/wpl\/wp-json\/wp\/v2\/pages\/20\/revisions\/58"}],"wp:attachment":[{"href":"http:\/\/llucki.de\/wpl\/wp-json\/wp\/v2\/media?parent=20"}],"curies":[{"name":"wp","href":"https:\/\/api.w.org\/{rel}","templated":true}]}}